{"id":3,"date":"2025-01-15T14:56:33","date_gmt":"2025-01-15T13:56:33","guid":{"rendered":"http:\/\/blockcq.cluster029.hosting.ovh.net\/?page_id=3"},"modified":"2025-11-26T16:53:43","modified_gmt":"2025-11-26T15:53:43","slug":"politica-de-privacidad","status":"publish","type":"page","link":"https:\/\/blockchaingratis.com\/ca\/politica-de-privacidad\/","title":{"rendered":"Pol\u00edtica de privacitat"},"content":{"rendered":"<div data-elementor-type=\"wp-page\" data-elementor-id=\"3\" class=\"elementor elementor-3\" data-elementor-post-type=\"page\">\n\t\t\t\t<div class=\"elementor-element elementor-element-18257efd e-flex e-con-boxed e-con e-parent\" data-id=\"18257efd\" data-element_type=\"container\">\n\t\t\t\t\t<div class=\"e-con-inner\">\n\t\t\t\t<div class=\"elementor-element elementor-element-1ee538d4 elementor-widget elementor-widget-text-editor\" data-id=\"1ee538d4\" data-element_type=\"widget\" data-widget_type=\"text-editor.default\">\n\t\t\t\t\t\t\t\t\t<div class=\"elementor-element elementor-element-3966172 e-flex e-con-boxed e-con e-parent e-lazyloaded\" data-id=\"3966172\" data-element_type=\"container\" data-settings=\"{&quot;background_background&quot;:&quot;classic&quot;}\"><div class=\"e-con-inner\"><div class=\"elementor-element elementor-element-c8c45bc elementor-widget elementor-widget-heading\" data-id=\"c8c45bc\" data-element_type=\"widget\" data-widget_type=\"heading.default\"><div class=\"elementor-widget-container\"><h2 class=\"elementor-heading-title elementor-size-default\">POL\u00cdTICA DE PRIVACITAT I PROTECCI\u00d3 DE DADES<\/h2><\/div><\/div><\/div><\/div><div class=\"elementor-element elementor-element-42a2023a e-flex e-con-boxed e-con e-parent e-lazyloaded\" data-id=\"42a2023a\" data-element_type=\"container\" data-settings=\"{&quot;background_background&quot;:&quot;classic&quot;}\"><div class=\"e-con-inner\"><div class=\"elementor-element elementor-element-2ae08465 elementor-widget elementor-widget-text-editor\" data-id=\"2ae08465\" data-element_type=\"widget\" data-widget_type=\"text-editor.default\"><div class=\"elementor-widget-container\"><p>De conformitat amb el Reglament (UE) 2016\/679 del Parlament Europeu i del Consell, de 27 d&#039;abril de 2016 a la protecci\u00f3 de les persones f\u00edsiques pel que fa al tractament de dades de car\u00e0cter personal, pel qual es deroga la directiva 95\/46\/CE (d&#039;ara endavant, el RGPD), Llei 34\/2002, de 11 de juliol, de serveis de la societat de la informaci\u00f3 i de comer\u00e7 electr\u00f2nic (en endavant, LSSI-CE), i la Llei<\/p><p>Org\u00e0nica 3\/2018, de Protecci\u00f3 de Dades Personals i la garantia de drets digitals, CLS WPT SLU garanteix la protecci\u00f3 i confidencialitat de les dades de car\u00e0cter personal, de qualsevol tipus que oferim als nostres clients, d&#039;acord amb l&#039;establert en el Reglament General de Protecci\u00f3 de Dades de Car\u00e0cter Personal<\/p><p><strong>\u00a0<\/strong><\/p><p>La Pol\u00edtica de Protecci\u00f3 de Dades de CLS WPT SLU es basa en el principi de la responsabilitat, la proactivitat, segons el qual el controlador \u00e9s el responsable de l&#039;aplicaci\u00f3 del marc jur\u00eddic i jurisprud\u00e8ncia, i ser capa\u00e7 de demostrar-ho a les autoritats del corresponent control.<\/p><p>Les dades proporcionades seran tractades en els termes establerts en el RGPD; en aquest sentit, CLS WPT SLU ha adoptat els nivells de protecci\u00f3 que legalment requerits, i ha instal\u00b7lat tots els mitjans t\u00e8cnics al seu abast per evitar la p\u00e8rdua, mal \u00fas, alteraci\u00f3, acc\u00e9s no autoritzat per part de tercers, com es descriu a continuaci\u00f3. No obstant aix\u00f2, l&#039;usuari ha de ser conscient que les mesures de seguretat a<\/p><p>Internet no s\u00f3n inexpugnables.<\/p><p><strong><u>Responsable del tractament: Qui som?<\/u><\/strong><\/p><p><strong>\u00a0<\/strong>Nom: CLS WPT SLU<\/p><p>CIF: B70952056<\/p><p>Adre\u00e7a: Carrer Alejandro Dumas n \u00ba 17 oficines de CP 29004, M\u00e0laga<\/p><p>Tel\u00e9fono: +34681231556<\/p><p>E-mail: <a href=\"mailto:pdcp@clswpt.com\">pdcp@clswpt.com<\/a><\/p><p><strong><u>Tractament de dades: les dades ens proc\u00e9s i quin \u00e9s el seu origen?<\/u><\/strong><\/p><p><strong>\u00a0<\/strong>Segons la relaci\u00f3 que pugui tenir amb nosaltres, vost\u00e8 pot tractar dels seg\u00fcents categories de dades de car\u00e0cter personal, aix\u00ed com per obtenir les dades des de diferents fonts:<\/p><p><strong>Formes de contacte i convocat\u00f2ries: <\/strong>Les dades prov\u00e9 de l&#039;interessat o el seu representant legal. Les categories de dades que es tracten s\u00f3n &#034;identificaci\u00f3&#034; Dades (nom, correu electr\u00f2nic i tel\u00e8fon).<\/p><p><strong>Petici\u00f3 de cites: <\/strong>Les dades prov\u00e9 de l&#039;interessat o el seu representant legal. Les categories de dades que es tracten s\u00f3n &#034;dades Identificatives&#034; (nom, correu electr\u00f2nic, tel\u00e8fon).<\/p><p><strong>Prestaci\u00f3 de serveis o la venda de productes:<\/strong> Les dades prov\u00e9 de l&#039;interessat o el seu representant legal. Les categories de dades que es tracten s\u00f3n &#034;dades Identificatives&#034; (nom, e-mail, tel\u00e8fon, adre\u00e7a postal), i &#034;Econ\u00f2mica&#034; (dades banc\u00e0ries)<\/p><p><strong>L&#039;enviament de comunicacions comercials:<\/strong> Les dades prov\u00e9 de l&#039;interessat o el seu representant legal. Les categories de dades que es tracten s\u00f3n &#034;dades Identificatives&#034; (nom, adre\u00e7a electr\u00f2nica, tel\u00e8fon, imatge). Es va demanar consentiment.<\/p><p><strong><u>Finalitat del tractament: quin \u00fas fem de les seves dades? <\/u><\/strong><\/p><p><strong>\u00a0<\/strong><strong>Formes de contacte:<\/strong> Totes les dades proporcionades pels visitants del web CLS WPT SLU<\/p><p>seran inclosos en l&#039;expedient de tramitaci\u00f3 de les activitats de dades de car\u00e0cter personal, creat i mantingut<\/p><p>sota la responsabilitat de CLS WPT SLU, essencial per resoldre els dubtes o peticions d&#039;informaci\u00f3 enviada pels nostres visitants.<\/p><p><strong>Atenci\u00f3 al client:<\/strong> Totes les dades facilitades pels nostres clients seran inclosos en l&#039;expedient de tramitaci\u00f3 de les activitats de dades de car\u00e0cter personal, creat i mantingut<\/p><p>Sota la responsabilitat de CLS WPT SLU, essencials per a prestar els serveis contractats pels nostres clients, aix\u00ed com per resoldre dubtes o problemes que vam recaptar a trav\u00e9s dels nostres canals d&#039;atenci\u00f3 al client.<\/p><p><strong>Rebre trucades:<\/strong> Totes les dades proporcionades per les parts interessades en contacte amb l&#039;CLS WPT SLU, seran inclosos en l&#039;expedient de tramitaci\u00f3 de les activitats de dades de car\u00e0cter personal, creat i mantingut sota la responsabilitat de CLS WPT SLU, \u00e9s imprescindible per respondre a les preguntes o peticions d&#039;informaci\u00f3 que vam fer.<\/p><p><strong>Els visitants del lloc web:<\/strong> Realitzem un seguiment anonymised visitant a la p\u00e0gina web de CLS WPT SLU, per tal de saber quines p\u00e0gines i serveis que s\u00f3n m\u00e9s rellevants per als nostres clients potencials.<\/p><p><strong>Butllet\u00ed de productes i serveis:<\/strong> Els clients que marca la casella de consentiment per a rebre comunicacions comercials\/publicitat, us enviarem la informaci\u00f3 sobre els productes\/serveis que oferim.<\/p><p><strong><u>La legitimitat del tractament: per qu\u00e8 necessitem les teves dades?<\/u><\/strong><\/p><p><strong>\u00a0<\/strong><\/p><p style=\"padding-left: 40px;\">(a)<strong> Relaci\u00f3 Contractual:<\/strong> \u00c9s el que s&#039;aplica a l&#039;hora d&#039;adquirir qualsevol dels nostres serveis o productes.<\/p><p style=\"padding-left: 40px;\">(b) <strong>Inter\u00e8s leg\u00edtim:<\/strong> Per adre\u00e7ar consultes i queixes de posar per a nosaltres i per a gestionar el cobrament de les quantitats degudes.<\/p><p style=\"padding-left: 40px;\">c) <strong>El seu consentiment:<\/strong> Si sou un usuari de la nostra p\u00e0gina web, mitjan\u00e7ant la marcaci\u00f3 de la casella del formulari de contacte, ens autoritza a rebre les comunicacions necess\u00e0ries per a donar resposta a la consulta o petici\u00f3 d&#039;informaci\u00f3 plantejades i l&#039;enviament de publicitat, amb el consentiment previ de l&#039;usuari.<\/p><p><strong><u>Destinataris: Amb qui no compartim les vostres dades?<\/u><\/strong><\/p><p><strong>\u00a0<\/strong>Ens cedir\u00e0 les seves dades personals a les entitats necess\u00e0ries per assolir la finalitat del tractament i les entitats a que es requereixen a l&#039;efecte del compliment de qualsevol llei.<\/p><p>En el cas que, al marge dels casos comentats, podem necessitat de revelar la seva informaci\u00f3 personal a altres entitats, haurem de demanar perm\u00eds a trav\u00e9s clar opcions que permeten decidir, en aquest sentit.<\/p><p><strong><u>Comunicaci\u00f3: On hem d&#039;enviar les teves dades?<\/u><\/strong><\/p><p><strong>\u00a0<\/strong>No anem a fer transfer\u00e8ncies internacionals de les seves dades personals per a qualsevol de les finalitats indicades.<\/p><p><strong><u>Conservaci\u00f3: quant de temps hem de mantenir les vostres dades?<\/u><\/strong><\/p><p><strong>\u00a0<\/strong>Nom\u00e9s conservarem les seves dades personals durant el temps necessari per assolir les finalitats per les quals van ser recollides. Per determinar el corresponent per\u00edode de retenci\u00f3, vam examinar els riscos involucrats en el tractament, aix\u00ed com de les nostres obligacions contractuals, i en la normativa legal, normativa interna per a la retenci\u00f3 de dades i el nostre negoci interessos, leg\u00edtims es descriuen en aquest Av\u00eds de Privacitat i la Pol\u00edtica de Galetes.<\/p><p>En aquest sentit, CLS WPT SLU conservaran les dades personals despr\u00e9s de la finalitzaci\u00f3 de la seva relaci\u00f3 amb Vost\u00e8, degudament bloquejades, durant el termini de prescripci\u00f3 de les accions que es puguin derivar de la relaci\u00f3 mantinguda amb l&#039;interessat.<\/p><p>Un cop bloquejat, les vostres dades seran inaccessibles per CLS WPT SLU, i no seran tractats excepte per posar a disposici\u00f3 de les Administracions p\u00fabliques, Jutges i<\/p><p>Els tribunals, per a l&#039;atenci\u00f3 de les possibles responsabilitats derivades del tractament, aix\u00ed com per a l&#039;exercici i la defensa de la reclamaci\u00f3 davant l&#039;Ag\u00e8ncia espanyola de Protecci\u00f3 de Dades.<\/p><p><strong><u>Seguretat: Com protegim la seva informaci\u00f3?<\/u><\/strong><\/p><p><strong>\u00a0<\/strong>Emprem tots els esfor\u00e7os raonables per mantenir la confidencialitat de les dades de car\u00e0cter personal en els nostres sistemes. Mantenim normes estrictes de seguretat per protegir les dades personals que ens proc\u00e9s contra la p\u00e8rdua de l&#039;oportunitat i plantejaments, tractaments i \/ o informaci\u00f3 no autoritzat, tenint en compte l&#039;estat de la tecnologia, la naturalesa i els riscos que estan exposats a les dades. No obstant aix\u00f2, no podem ser responsables de l&#039;\u00fas que Vost\u00e8 fa de les dades (incloent-hi el nom d&#039;usuari i la contrasenya que utilitzeu a la nostra p\u00e0gina web. El nostre personal de la seg\u00fcent manera estricta els est\u00e0ndards de privacitat i, en el cas que ens contractaci\u00f3 de tercers per proporcionar serveis de suport, exigim a adherir-se a les mateixes normes i que ens permeten auditarles per verificar el compliment.<\/p><p><strong><u>Els seus drets: drets Que pot exercir com a interessat?<\/u><\/strong><\/p><p><strong>\u00a0<\/strong>L&#039;informem que pot exercir els drets seg\u00fcents:<\/p><p style=\"padding-left: 40px;\">(a) <u>Dret d&#039;acc\u00e9s<\/u> les seves dades personals, a saber quins siguin objecte de tractament i el processament de les operacions realitzades amb elles;<\/p><p style=\"padding-left: 40px;\"><u>b) Dret de rectificaci\u00f3<\/u> les dades de car\u00e0cter personal que \u00e9s inexacte;<\/p><p style=\"padding-left: 40px;\">c)<u> Dret a cancel\u00b7laci\u00f3 <\/u>de les seves dades personals, quan aix\u00f2 \u00e9s possible (per exemple, per ministeri de la llei)<\/p><p style=\"padding-left: 40px;\">d)<u> Dret de limitaci\u00f3<\/u> el tractament de les seves dades de car\u00e0cter personal quan l&#039;exactitud, legalitat o la necessitat del tractament de les dades \u00e9s q\u00fcestionable, en el qual cas, es podr\u00e0 mantenir-los per a l&#039;exercici o la defensa de les reclamacions.<\/p><p style=\"padding-left: 40px;\">(e) <u>Dret d&#039;oposici\u00f3<\/u> el tractament de les seves dades de car\u00e0cter personal, quan la base legal que permet el seu tractament de l&#039;anterior per ser el nostre inter\u00e8s leg\u00edtim. CLS WPT SLU ja no tractament de les seves dades a menys que tingui un inter\u00e8s leg\u00edtim, o \u00e9s necess\u00e0ria per a la defensa de les reclamacions, si s&#039;escau, d&#039;aquest dret.<\/p><p style=\"padding-left: 40px;\">f) <u>Dret a la portabilitat <\/u>les vostres dades, quan la base legal que permet el seu tractament a l&#039;exist\u00e8ncia d&#039;una relaci\u00f3 contractual o amb el seu consentiment.<\/p><p style=\"padding-left: 40px;\">g) <u>Dret a revocar el consentiment<\/u> concedit CLS-WPT SLU.<\/p><p>Per exercir els vostres drets, podeu fer-ho gratu\u00eftament i en qualsevol moment, dirigint-se a l&#039;adre\u00e7a de Carrer adre\u00e7a Politja n\u00ba33 \u2013 baixos, 14880, C\u00f2rdova, Luque, o escrivint un correu a <a href=\"mailto:pdcp@clswpt.com\">pdcp@clswpt.com<\/a>.<\/p><p><strong><u>Protecci\u00f3 de drets: On es pot presentar una queixa?<\/u><\/strong><\/p><p>En el cas que entengui que els seus drets han estat ignorades per la nostra entitat, podeu presentar una reclamaci\u00f3 davant de l&#039;Ag\u00e8ncia espanyola de Protecci\u00f3 de Dades, a trav\u00e9s d&#039;un dels mitjans seg\u00fcents:<\/p><p>.- Sede electr\u00f3nica: https:\/\/www.aepd.es<\/p><p>.- Correu Postal: Ag\u00e8ncia espanyola de Protecci\u00f3 de Dades, C\/ Jorge Juan, 6, 28001, Madrid<\/p><p>.- Tel\u00e8fon: 901.100.099 i 912.663.517<\/p><p>Per presentar una reclamaci\u00f3 davant de l&#039;Ag\u00e8ncia espanyola de Protecci\u00f3 de Dades, no comporten cap cost i que no requereixen l&#039;assist\u00e8ncia d&#039;un advocat o de procurador.<\/p><p><strong><u>Actualitzacions: Quins canvis hi pot haver en aquesta Pol\u00edtica de Privacitat?<\/u><\/strong><\/p><p>CLS WPT SLU es reserva el dret a modificar aquesta pol\u00edtica per adaptar-la a novetats legislatives o jurisprudencials novetats que puguin afectar el compliment de la mateixa.<\/p><\/div><\/div><\/div><\/div>\t\t\t\t\t\t\t\t<\/div>\n\t\t\t\t\t<\/div>\n\t\t\t\t<\/div>\n\t\t\t\t<\/div>","protected":false},"excerpt":{"rendered":"<p>POL\u00cdTICA DE PRIVACIDAD Y PROTECCI\u00d3N DE DATOS En cumplimiento del Reglamento (UE) 2016\/679 del Parlamento Europeo y del Consejo, de 27 de abril de 2016, relativo a la protecci\u00f3n de las personas f\u00edsicas en lo que respecta al tratamiento de datos personales, por el que se deroga la directiva 95\/46\/CE (en adelante, RGPD), de la [&hellip;]<\/p>","protected":false},"author":2,"featured_media":0,"parent":0,"menu_order":0,"comment_status":"closed","ping_status":"open","template":"elementor_header_footer","meta":{"site-sidebar-layout":"default","site-content-layout":"","ast-site-content-layout":"default","site-content-style":"default","site-sidebar-style":"default","ast-global-header-display":"","ast-banner-title-visibility":"","ast-main-header-display":"","ast-hfb-above-header-display":"","ast-hfb-below-header-display":"","ast-hfb-mobile-header-display":"","site-post-title":"","ast-breadcrumbs-content":"","ast-featured-img":"","footer-sml-layout":"","ast-disable-related-posts":"","theme-transparent-header-meta":"","adv-header-id-meta":"","stick-header-meta":"","header-above-stick-meta":"","header-main-stick-meta":"","header-below-stick-meta":"","astra-migrate-meta-layouts":"set","ast-page-background-enabled":"default","ast-page-background-meta":{"desktop":{"background-color":"","background-image":"","background-repeat":"repeat","background-position":"center center","background-size":"auto","background-attachment":"scroll","background-type":"","background-media":"","overlay-type":"","overlay-color":"","overlay-opacity":"","overlay-gradient":""},"tablet":{"background-color":"","background-image":"","background-repeat":"repeat","background-position":"center center","background-size":"auto","background-attachment":"scroll","background-type":"","background-media":"","overlay-type":"","overlay-color":"","overlay-opacity":"","overlay-gradient":""},"mobile":{"background-color":"","background-image":"","background-repeat":"repeat","background-position":"center center","background-size":"auto","background-attachment":"scroll","background-type":"","background-media":"","overlay-type":"","overlay-color":"","overlay-opacity":"","overlay-gradient":""}},"ast-content-background-meta":{"desktop":{"background-color":"var(--ast-global-color-5)","background-image":"","background-repeat":"repeat","background-position":"center center","background-size":"auto","background-attachment":"scroll","background-type":"","background-media":"","overlay-type":"","overlay-color":"","overlay-opacity":"","overlay-gradient":""},"tablet":{"background-color":"var(--ast-global-color-5)","background-image":"","background-repeat":"repeat","background-position":"center center","background-size":"auto","background-attachment":"scroll","background-type":"","background-media":"","overlay-type":"","overlay-color":"","overlay-opacity":"","overlay-gradient":""},"mobile":{"background-color":"var(--ast-global-color-5)","background-image":"","background-repeat":"repeat","background-position":"center center","background-size":"auto","background-attachment":"scroll","background-type":"","background-media":"","overlay-type":"","overlay-color":"","overlay-opacity":"","overlay-gradient":""}},"footnotes":""},"class_list":["post-3","page","type-page","status-publish","hentry"],"yoast_head":"<!-- This site is optimized with the Yoast SEO Premium plugin v23.9 (Yoast SEO v26.3) - https:\/\/yoast.com\/wordpress\/plugins\/seo\/ -->\n<title>Pol\u00edtica de privacidad - blockchaingratis.com<\/title>\n<meta name=\"robots\" content=\"index, follow, max-snippet:-1, max-image-preview:large, max-video-preview:-1\" \/>\n<link rel=\"canonical\" href=\"https:\/\/blockchaingratis.com\/ca\/politica-de-privacidad\/\" \/>\n<meta property=\"og:locale\" content=\"ca_ES\" \/>\n<meta property=\"og:type\" content=\"article\" \/>\n<meta property=\"og:title\" content=\"Pol\u00edtica de privacidad\" \/>\n<meta property=\"og:description\" content=\"POL\u00cdTICA DE PRIVACIDAD Y PROTECCI\u00d3N DE DATOS En cumplimiento del Reglamento (UE) 2016\/679 del Parlamento Europeo y del Consejo, de 27 de abril de 2016, relativo a la protecci\u00f3n de las personas f\u00edsicas en lo que respecta al tratamiento de datos personales, por el que se deroga la directiva 95\/46\/CE (en adelante, RGPD), de la [&hellip;]\" \/>\n<meta property=\"og:url\" content=\"https:\/\/blockchaingratis.com\/ca\/politica-de-privacidad\/\" \/>\n<meta property=\"og:site_name\" content=\"blockchaingratis.com\" \/>\n<meta property=\"article:modified_time\" content=\"2025-11-26T15:53:43+00:00\" \/>\n<meta name=\"twitter:card\" content=\"summary_large_image\" \/>\n<meta name=\"twitter:label1\" content=\"Temps estimat de lectura\" \/>\n\t<meta name=\"twitter:data1\" content=\"7 minuts\" \/>\n<script type=\"application\/ld+json\" class=\"yoast-schema-graph\">{\"@context\":\"https:\/\/schema.org\",\"@graph\":[{\"@type\":\"WebPage\",\"@id\":\"https:\/\/blockchaingratis.com\/politica-de-privacidad\/\",\"url\":\"https:\/\/blockchaingratis.com\/politica-de-privacidad\/\",\"name\":\"Pol\u00edtica de privacidad - blockchaingratis.com\",\"isPartOf\":{\"@id\":\"https:\/\/blockchaingratis.com\/#website\"},\"datePublished\":\"2025-01-15T13:56:33+00:00\",\"dateModified\":\"2025-11-26T15:53:43+00:00\",\"breadcrumb\":{\"@id\":\"https:\/\/blockchaingratis.com\/politica-de-privacidad\/#breadcrumb\"},\"inLanguage\":\"ca\",\"potentialAction\":[{\"@type\":\"ReadAction\",\"target\":[\"https:\/\/blockchaingratis.com\/politica-de-privacidad\/\"]}]},{\"@type\":\"BreadcrumbList\",\"@id\":\"https:\/\/blockchaingratis.com\/politica-de-privacidad\/#breadcrumb\",\"itemListElement\":[{\"@type\":\"ListItem\",\"position\":1,\"name\":\"Portada\",\"item\":\"https:\/\/blockchaingratis.com\/\"},{\"@type\":\"ListItem\",\"position\":2,\"name\":\"Pol\u00edtica de privacidad\"}]},{\"@type\":\"WebSite\",\"@id\":\"https:\/\/blockchaingratis.com\/#website\",\"url\":\"https:\/\/blockchaingratis.com\/\",\"name\":\"blockchaingratis.com\",\"description\":\"Producto publicitario\",\"publisher\":{\"@id\":\"https:\/\/blockchaingratis.com\/#organization\"},\"potentialAction\":[{\"@type\":\"SearchAction\",\"target\":{\"@type\":\"EntryPoint\",\"urlTemplate\":\"https:\/\/blockchaingratis.com\/?s={search_term_string}\"},\"query-input\":{\"@type\":\"PropertyValueSpecification\",\"valueRequired\":true,\"valueName\":\"search_term_string\"}}],\"inLanguage\":\"ca\"},{\"@type\":\"Organization\",\"@id\":\"https:\/\/blockchaingratis.com\/#organization\",\"name\":\"blockchaingratis.com\",\"url\":\"https:\/\/blockchaingratis.com\/\",\"logo\":{\"@type\":\"ImageObject\",\"inLanguage\":\"ca\",\"@id\":\"https:\/\/blockchaingratis.com\/#\/schema\/logo\/image\/\",\"url\":\"https:\/\/blockchaingratis.com\/wp-content\/uploads\/2025\/01\/marcos-1-sin-fondo.png\",\"contentUrl\":\"https:\/\/blockchaingratis.com\/wp-content\/uploads\/2025\/01\/marcos-1-sin-fondo.png\",\"width\":640,\"height\":200,\"caption\":\"blockchaingratis.com\"},\"image\":{\"@id\":\"https:\/\/blockchaingratis.com\/#\/schema\/logo\/image\/\"}}]}<\/script>\n<!-- \/ Yoast SEO Premium plugin. -->","yoast_head_json":{"title":"Pol\u00edtica de privacidad - blockchaingratis.com","robots":{"index":"index","follow":"follow","max-snippet":"max-snippet:-1","max-image-preview":"max-image-preview:large","max-video-preview":"max-video-preview:-1"},"canonical":"https:\/\/blockchaingratis.com\/ca\/politica-de-privacidad\/","og_locale":"ca_ES","og_type":"article","og_title":"Pol\u00edtica de privacidad","og_description":"POL\u00cdTICA DE PRIVACIDAD Y PROTECCI\u00d3N DE DATOS En cumplimiento del Reglamento (UE) 2016\/679 del Parlamento Europeo y del Consejo, de 27 de abril de 2016, relativo a la protecci\u00f3n de las personas f\u00edsicas en lo que respecta al tratamiento de datos personales, por el que se deroga la directiva 95\/46\/CE (en adelante, RGPD), de la [&hellip;]","og_url":"https:\/\/blockchaingratis.com\/ca\/politica-de-privacidad\/","og_site_name":"blockchaingratis.com","article_modified_time":"2025-11-26T15:53:43+00:00","twitter_card":"summary_large_image","twitter_misc":{"Temps estimat de lectura":"7 minuts"},"schema":{"@context":"https:\/\/schema.org","@graph":[{"@type":"WebPage","@id":"https:\/\/blockchaingratis.com\/politica-de-privacidad\/","url":"https:\/\/blockchaingratis.com\/politica-de-privacidad\/","name":"Pol\u00edtica de privacidad - blockchaingratis.com","isPartOf":{"@id":"https:\/\/blockchaingratis.com\/#website"},"datePublished":"2025-01-15T13:56:33+00:00","dateModified":"2025-11-26T15:53:43+00:00","breadcrumb":{"@id":"https:\/\/blockchaingratis.com\/politica-de-privacidad\/#breadcrumb"},"inLanguage":"ca","potentialAction":[{"@type":"ReadAction","target":["https:\/\/blockchaingratis.com\/politica-de-privacidad\/"]}]},{"@type":"BreadcrumbList","@id":"https:\/\/blockchaingratis.com\/politica-de-privacidad\/#breadcrumb","itemListElement":[{"@type":"ListItem","position":1,"name":"Portada","item":"https:\/\/blockchaingratis.com\/"},{"@type":"ListItem","position":2,"name":"Pol\u00edtica de privacidad"}]},{"@type":"WebSite","@id":"https:\/\/blockchaingratis.com\/#website","url":"https:\/\/blockchaingratis.com\/","name":"blockchaingratis.com","description":"Producto publicitario","publisher":{"@id":"https:\/\/blockchaingratis.com\/#organization"},"potentialAction":[{"@type":"SearchAction","target":{"@type":"EntryPoint","urlTemplate":"https:\/\/blockchaingratis.com\/?s={search_term_string}"},"query-input":{"@type":"PropertyValueSpecification","valueRequired":true,"valueName":"search_term_string"}}],"inLanguage":"ca"},{"@type":"Organization","@id":"https:\/\/blockchaingratis.com\/#organization","name":"blockchaingratis.com","url":"https:\/\/blockchaingratis.com\/","logo":{"@type":"ImageObject","inLanguage":"ca","@id":"https:\/\/blockchaingratis.com\/#\/schema\/logo\/image\/","url":"https:\/\/blockchaingratis.com\/wp-content\/uploads\/2025\/01\/marcos-1-sin-fondo.png","contentUrl":"https:\/\/blockchaingratis.com\/wp-content\/uploads\/2025\/01\/marcos-1-sin-fondo.png","width":640,"height":200,"caption":"blockchaingratis.com"},"image":{"@id":"https:\/\/blockchaingratis.com\/#\/schema\/logo\/image\/"}}]}},"_links":{"self":[{"href":"https:\/\/blockchaingratis.com\/ca\/wp-json\/wp\/v2\/pages\/3","targetHints":{"allow":["GET"]}}],"collection":[{"href":"https:\/\/blockchaingratis.com\/ca\/wp-json\/wp\/v2\/pages"}],"about":[{"href":"https:\/\/blockchaingratis.com\/ca\/wp-json\/wp\/v2\/types\/page"}],"author":[{"embeddable":true,"href":"https:\/\/blockchaingratis.com\/ca\/wp-json\/wp\/v2\/users\/2"}],"replies":[{"embeddable":true,"href":"https:\/\/blockchaingratis.com\/ca\/wp-json\/wp\/v2\/comments?post=3"}],"version-history":[{"count":37,"href":"https:\/\/blockchaingratis.com\/ca\/wp-json\/wp\/v2\/pages\/3\/revisions"}],"predecessor-version":[{"id":2470,"href":"https:\/\/blockchaingratis.com\/ca\/wp-json\/wp\/v2\/pages\/3\/revisions\/2470"}],"wp:attachment":[{"href":"https:\/\/blockchaingratis.com\/ca\/wp-json\/wp\/v2\/media?parent=3"}],"curies":[{"name":"wp","href":"https:\/\/api.w.org\/{rel}","templated":true}]}}