{"id":3,"date":"2025-01-15T14:56:33","date_gmt":"2025-01-15T13:56:33","guid":{"rendered":"http:\/\/blockcq.cluster029.hosting.ovh.net\/?page_id=3"},"modified":"2025-11-26T16:53:43","modified_gmt":"2025-11-26T15:53:43","slug":"politica-de-privacidad","status":"publish","type":"page","link":"https:\/\/blockchaingratis.com\/pt\/politica-de-privacidad\/","title":{"rendered":"Pol\u00edtica de privacidade"},"content":{"rendered":"<div data-elementor-type=\"wp-page\" data-elementor-id=\"3\" class=\"elementor elementor-3\" data-elementor-post-type=\"page\">\n\t\t\t\t<div class=\"elementor-element elementor-element-18257efd e-flex e-con-boxed e-con e-parent\" data-id=\"18257efd\" data-element_type=\"container\">\n\t\t\t\t\t<div class=\"e-con-inner\">\n\t\t\t\t<div class=\"elementor-element elementor-element-1ee538d4 elementor-widget elementor-widget-text-editor\" data-id=\"1ee538d4\" data-element_type=\"widget\" data-widget_type=\"text-editor.default\">\n\t\t\t\t\t\t\t\t\t<div class=\"elementor-element elementor-element-3966172 e-flex e-con-boxed e-con e-parent e-lazyloaded\" data-id=\"3966172\" data-element_type=\"container\" data-settings=\"{&quot;background_background&quot;:&quot;classic&quot;}\"><div class=\"e-con-inner\"><div class=\"elementor-element elementor-element-c8c45bc elementor-widget elementor-widget-heading\" data-id=\"c8c45bc\" data-element_type=\"widget\" data-widget_type=\"heading.default\"><div class=\"elementor-widget-container\"><h2 class=\"elementor-heading-title elementor-size-default\">POL\u00cdTICA DE PRIVACIDAD Y PROTECCI\u00d3N DE DATOS<\/h2><\/div><\/div><\/div><\/div><div class=\"elementor-element elementor-element-42a2023a e-flex e-con-boxed e-con e-parent e-lazyloaded\" data-id=\"42a2023a\" data-element_type=\"container\" data-settings=\"{&quot;background_background&quot;:&quot;classic&quot;}\"><div class=\"e-con-inner\"><div class=\"elementor-element elementor-element-2ae08465 elementor-widget elementor-widget-text-editor\" data-id=\"2ae08465\" data-element_type=\"widget\" data-widget_type=\"text-editor.default\"><div class=\"elementor-widget-container\"><p>En cumplimiento del Reglamento (UE) 2016\/679 del Parlamento Europeo y del Consejo, de 27 de abril de 2016, relativo a la protecci\u00f3n de las personas f\u00edsicas en lo que respecta al tratamiento de datos personales, por el que se deroga la directiva 95\/46\/CE (en adelante, RGPD), de la Ley 34\/2002, de 11 de julio, de servicios de la sociedad de la informaci\u00f3n y de comercio electr\u00f3nico (en adelante, LSSI-CE) y de la Ley<\/p><p>Org\u00e1nica 3\/2018, de Protecci\u00f3n de Datos Personales y garant\u00eda de los derechos digitales, CLS WPT SLU garantiza la protecci\u00f3n y confidencialidad de los datos personales, de cualquier tipo que nos proporcionen nuestros clientes, de acuerdo con lo dispuesto en el Reglamento General de Protecci\u00f3n de Datos de Car\u00e1cter Personal<\/p><p><strong>\u00a0<\/strong><\/p><p>La Pol\u00edtica de Protecci\u00f3n de Datos de CLS WPT SLU descansa en el principio de responsabilidad proactiva, seg\u00fan el cual el Responsable del tratamiento es responsable del cumplimiento del marco normativo y jurisprudencial, siendo capaz de demostrarlo ante las autoridades de control correspondientes.<\/p><p>Los datos facilitados ser\u00e1n tratados en los t\u00e9rminos establecidos en el RGPD; en este sentido, CLS WPT SLU ha adoptado los niveles de protecci\u00f3n que legalmente se exigen, y ha instalado todas las medidas t\u00e9cnicas a su alcance para evitar la p\u00e9rdida, mal uso, alteraci\u00f3n, acceso no autorizado por terceros, expuestos a continuaci\u00f3n. No obstante, el usuario debe ser consciente de que las medidas de seguridad en<\/p><p>Internet no son inexpugnables.<\/p><p><strong><u>Responsable del tratamiento: \u00bfQui\u00e9nes somos?<\/u><\/strong><\/p><p><strong>\u00a0<\/strong>Denominaci\u00f3n: CLS WPT SLU<\/p><p>CIF: B70952056<\/p><p>Direcci\u00f3n social: Calle Alejandro Dumas N\u00ba 17 oficinas CP 29004, M\u00e1laga<\/p><p>Tel\u00e9fono: +34681231556<\/p><p>E-mail: <a href=\"mailto:pdcp@clswpt.com\">pdcp@clswpt.com<\/a><\/p><p><strong><u>Tratamiento de datos: \u00bfQu\u00e9 datos tratamos y cu\u00e1l es su origen?<\/u><\/strong><\/p><p><strong>\u00a0<\/strong>Seg\u00fan la relaci\u00f3n que pueda tener con nosotros, se pueden tratar las siguientes categor\u00edas de datos personales, as\u00ed como obtener los datos desde distintas fuentes:<\/p><p><strong>Formularios y llamadas de contacto: <\/strong>Los datos provienen del propio interesado, o de su representante legal. Las categor\u00edas de datos que se tratar\u00e1n son \u00abDatos identificativos\u00bb (nombre, correo electr\u00f3nico y tel\u00e9fono).<\/p><p><strong>Solicitud de presupuestos: <\/strong>Galetes pol\u00edtica<\/p><p><strong>Prestaci\u00f3n de servicios o venta de productos:<\/strong> Los datos provienen del propio interesado, o de su representante legal. Las categor\u00edas de datos que se tratar\u00e1n son \u00abIdentificativos\u00bb (nombre, correo electr\u00f3nico, tel\u00e9fono, direcci\u00f3n postal) y \u00abEcon\u00f3micos\u00bb (datos bancarios)<\/p><p><strong>Env\u00edo de comunicaciones comerciales:<\/strong> Los datos provienen del propio interesado, o de su representante legal. Las categor\u00edas de datos que se tratar\u00e1n son \u00abIdentificativos\u00bb (nombre, correo electr\u00f3nico, tel\u00e9fono, imagen). Se solicitar\u00e1 consentimiento expreso para ello.<\/p><p><strong><u>Finalidad del tratamiento: \u00bfPara qu\u00e9 usaremos sus datos? <\/u><\/strong><\/p><p><strong>\u00a0<\/strong><strong>Formularios de contacto:<\/strong> Todos los datos facilitados por nuestros visitantes en la web de CLS WPT SLU<\/p><p>ser\u00e1n incluidos en registro de actividades de tratamiento de datos de car\u00e1cter personal, creado y mantenido<\/p><p>bajo la responsabilidad de CLS WPT SLU, imprescindibles para resolver las dudas o solicitudes de informaci\u00f3n remitidas por nuestros visitantes.<\/p><p><strong>Atenci\u00f3n al cliente:<\/strong> Todos los datos facilitados por nuestros clientes ser\u00e1n incluidos en registro de actividades de tratamiento de datos de car\u00e1cter personal, creado y mantenido<\/p><p>Bajo la responsabilidad de CLS WPT SLU, imprescindibles para prestar los servicios contratados por nuestros clientes, as\u00ed como para resolver las dudas o cuestiones que nos planteen a trav\u00e9s de nuestros canales de atenci\u00f3n al cliente.<\/p><p><strong>Llamadas recibidas:<\/strong> Todos los datos facilitados por los interesados que contacten a CLS WPT SLU ser\u00e1n\u00a0 incluidos en registro de actividades de tratamiento de datos de car\u00e1cter personal, creado y mantenido bajo la responsabilidad de CLS WPT SLU, imprescindibles para resolver las dudas o solicitudes de informaci\u00f3n que nos realicen.<\/p><p><strong>Visitantes web:<\/strong> Realizamos un seguimiento anonimizado de los visitantes a la p\u00e1gina web de CLS WPT SLU, para conocer qu\u00e9 p\u00e1ginas y servicios tienen mayor relevancia para nuestros potenciales clientes.<\/p><p><strong>Bolet\u00edn productos y servicios:<\/strong> A los clientes que marquen la casilla de consentimiento de env\u00edo de comunicaciones comerciales\/publicidad, les enviaremos informaci\u00f3n relacionada los productos\/servicios que ofertamos.<\/p><p><strong><u>Legitimidad del tratamiento: \u00bfPor qu\u00e9 necesitamos sus datos?<\/u><\/strong><\/p><p><strong>\u00a0<\/strong><\/p><p style=\"padding-left: 40px;\">a)<strong> Relaci\u00f3n contractual:<\/strong> Es la que aplica cuando contrata alguno de nuestros servicios\/productos.<\/p><p style=\"padding-left: 40px;\">b) <strong>Inter\u00e9s leg\u00edtimo:<\/strong> Para atender a las consultas y reclamaciones que nos plantee y para gestionar el cobro de las cantidades adeudadas.<\/p><p style=\"padding-left: 40px;\">c) <strong>Su consentimiento:<\/strong> Si es usuario de nuestra web, mediante la marcaci\u00f3n de la casilla que figura en el formulario de contacto, nos autoriza a que le remitamos las comunicaciones necesarias para dar respuesta a la consulta o solicitud de informaci\u00f3n planteada y el env\u00edo de publicidad con el previo consentimiento del usuario.<\/p><p><strong><u>Destinatarios: \u00bfCon qui\u00e9n compartimos sus datos?<\/u><\/strong><\/p><p><strong>\u00a0<\/strong>Cedemos sus datos personales a las entidades necesarias para alcanzar la finalidad del tratamiento y a aquellas entidades a las que estemos obligados con objeto del cumplimiento de alguna ley.<\/p><p>En el caso de que, al margen de los supuestos comentados, necesitemos dar a conocer su informaci\u00f3n personal a otras entidades, le solicitaremos previamente su permiso a trav\u00e9s de opciones claras que le permitir\u00e1n decidir a este respecto.<\/p><p><strong><u>Comunicaci\u00f3n: \u00bfD\u00f3nde podr\u00edamos enviar tus datos?<\/u><\/strong><\/p><p><strong>\u00a0<\/strong>No realizaremos transferencias internacionales de sus datos personales para ninguna de las finalidades indicadas.<\/p><p><strong><u>Conservaci\u00f3n: \u00bfCu\u00e1nto tiempo mantendremos tus datos?<\/u><\/strong><\/p><p><strong>\u00a0<\/strong>Solo conservaremos sus datos personales durante el tiempo que resulte necesario para lograr los fines para los que fueron recabados. A la hora de determinar el oportuno periodo de conservaci\u00f3n, examinamos los riesgos que conlleva el tratamiento, as\u00ed como nuestras obligaciones contractuales, legales y normativas, las pol\u00edticas internas de conservaci\u00f3n de datos y nuestros intereses de negocio leg\u00edtimos descritos en el presente Aviso de Privacidad y Pol\u00edtica de Cookies.<\/p><p>En este sentido, CLS WPT SLU conservar\u00e1 los datos personales una vez terminada su relaci\u00f3n con Ud., debidamente bloqueados, durante el plazo de prescripci\u00f3n de las acciones que pudieran derivarse de la relaci\u00f3n mantenida con el interesado.<\/p><p>Una vez bloqueados, sus datos resultar\u00e1n inaccesibles para CLS WPT SLU, y no ser\u00e1n tratados excepto para su puesta a disposici\u00f3n a las Administraciones p\u00fablicas, Jueces y<\/p><p>Tribunales, para la atenci\u00f3n de las posibles responsabilidades nacidas de los tratamientos, as\u00ed como para el ejercicio y defensa de reclamaciones ante la Agencia Espa\u00f1ola de Protecci\u00f3n de Datos.<\/p><p><strong><u>Seguridad: \u00bfC\u00f3mo vamos a proteger sus datos?<\/u><\/strong><\/p><p><strong>\u00a0<\/strong>Empleamos todos los esfuerzos razonables para mantener la confidencialidad de la informaci\u00f3n personal que se trate en nuestros sistemas. Mantenemos estrictos niveles de seguridad para proteger los datos de car\u00e1cter personal que procesamos frente a p\u00e9rdidas fortuitas y a accesos, tratamientos o revelaciones no autorizados, habida cuenta del estado de la tecnolog\u00eda, la naturaleza y los riesgos a que est\u00e1n expuestos los datos. No obstante, no podemos responsabilizarnos del uso que Ud. haga de los datos (incluido usuario y contrase\u00f1a) que utilice en nuestra web. Nuestro personal sigue estrictas normas de privacidad y en el caso de que contratemos a terceros para prestar servicios de soporte, les exigimos que acaten las mismas normas y nos permitan auditarles para verificar su cumplimiento.<\/p><p><strong><u>Sus derechos: \u00bfQu\u00e9 derechos puede ejercer como interesado?<\/u><\/strong><\/p><p><strong>\u00a0<\/strong>Le informamos que podr\u00e1 ejercer los siguientes derechos:<\/p><p style=\"padding-left: 40px;\">a) <u>Derecho de acceso<\/u> a sus datos personales, para saber cu\u00e1les est\u00e1n siendo objeto de tratamiento y las operaciones de tratamiento llevadas a cabo con ellos;<\/p><p style=\"padding-left: 40px;\"><u>b) Derecho de rectificaci\u00f3n<\/u> de cualquier dato personal inexacto;<\/p><p style=\"padding-left: 40px;\">c)<u> Derecho de supresi\u00f3n <\/u>de sus datos personales, cuando esto sea posible (por ejemplo, por imperativo legal)<\/p><p style=\"padding-left: 40px;\">d)<u> Derecho de limitaci\u00f3n<\/u> del tratamiento de sus datos personales cuando la exactitud, la legalidad o la necesidad del tratamiento de los datos resulte dudosa, en cuyo caso, podremos conservarlos para el ejercicio o la defensa de reclamaciones.<\/p><p style=\"padding-left: 40px;\">e) <u>Derecho de oposici\u00f3n<\/u> pdcp@clswpt.com<\/p><p style=\"padding-left: 40px;\">f) <u>Derecho a la portabilidad <\/u>de sus datos, cuando la base legal que nos habilite para su tratamiento sea la existencia de una relaci\u00f3n contractual o su consentimiento.<\/p><p style=\"padding-left: 40px;\">g) <u>Derecho a revocar el consentimiento<\/u> otorgado a CLS WPT SLU.<\/p><p>Para ejercitar sus derechos, puede hacerlo de manera gratuita y en cualquier momento, contactando con nosotros en la direcci\u00f3n Calle La Roldana n\u00ba33 &#8211; bajo, 14880, C\u00f3rdoba, Luque, o escribiendo un correo a <a href=\"mailto:pdcp@clswpt.com\">pdcp@clswpt.com<\/a>.<\/p><p><strong><u>Tutela de derechos: \u00bfD\u00f3nde puede formular una reclamaci\u00f3n?<\/u><\/strong><\/p><p>En caso de que entienda que sus derechos han sido desatendidos por nuestra entidad, puede formular una reclamaci\u00f3n en la Agencia Espa\u00f1ola de Protecci\u00f3n de Datos, a trav\u00e9s de alguno de los medios siguientes:<\/p><p>.- Sede electr\u00f3nica: https:\/\/www.aepd.es<\/p><p>.- Correo postal: Agencia Espa\u00f1ola de Protecci\u00f3n de Datos, C\/ Jorge Juan, 6, 28001, Madrid<\/p><p>.- Tel\u00e9fono: 901.100.099 y 912.663.517<\/p><p>Formular una reclamaci\u00f3n en la Agencia Espa\u00f1ola de Protecci\u00f3n de Datos no conlleva ning\u00fan coste y no es necesaria la asistencia de abogado ni procurador.<\/p><p><strong><u>Actualizaciones: \u00bfQu\u00e9 cambios puede haber en esta Pol\u00edtica de Privacidad?<\/u><\/strong><\/p><p>CLS WPT SLU se reserva el derecho a modificar la presente pol\u00edtica para adaptarla a novedades legislativas o jurisprudenciales que puedan afectar el cumplimiento de la misma.<\/p><\/div><\/div><\/div><\/div>\t\t\t\t\t\t\t\t<\/div>\n\t\t\t\t\t<\/div>\n\t\t\t\t<\/div>\n\t\t\t\t<\/div>","protected":false},"excerpt":{"rendered":"<p>POL\u00cdTICA DE PRIVACIDAD Y PROTECCI\u00d3N DE DATOS En cumplimiento del Reglamento (UE) 2016\/679 del Parlamento Europeo y del Consejo, de 27 de abril de 2016, relativo a la protecci\u00f3n de las personas f\u00edsicas en lo que respecta al tratamiento de datos personales, por el que se deroga la directiva 95\/46\/CE (en adelante, RGPD), de la [&hellip;]<\/p>","protected":false},"author":2,"featured_media":0,"parent":0,"menu_order":0,"comment_status":"closed","ping_status":"open","template":"elementor_header_footer","meta":{"site-sidebar-layout":"default","site-content-layout":"","ast-site-content-layout":"default","site-content-style":"default","site-sidebar-style":"default","ast-global-header-display":"","ast-banner-title-visibility":"","ast-main-header-display":"","ast-hfb-above-header-display":"","ast-hfb-below-header-display":"","ast-hfb-mobile-header-display":"","site-post-title":"","ast-breadcrumbs-content":"","ast-featured-img":"","footer-sml-layout":"","ast-disable-related-posts":"","theme-transparent-header-meta":"","adv-header-id-meta":"","stick-header-meta":"","header-above-stick-meta":"","header-main-stick-meta":"","header-below-stick-meta":"","astra-migrate-meta-layouts":"set","ast-page-background-enabled":"default","ast-page-background-meta":{"desktop":{"background-color":"","background-image":"","background-repeat":"repeat","background-position":"center center","background-size":"auto","background-attachment":"scroll","background-type":"","background-media":"","overlay-type":"","overlay-color":"","overlay-opacity":"","overlay-gradient":""},"tablet":{"background-color":"","background-image":"","background-repeat":"repeat","background-position":"center center","background-size":"auto","background-attachment":"scroll","background-type":"","background-media":"","overlay-type":"","overlay-color":"","overlay-opacity":"","overlay-gradient":""},"mobile":{"background-color":"","background-image":"","background-repeat":"repeat","background-position":"center center","background-size":"auto","background-attachment":"scroll","background-type":"","background-media":"","overlay-type":"","overlay-color":"","overlay-opacity":"","overlay-gradient":""}},"ast-content-background-meta":{"desktop":{"background-color":"var(--ast-global-color-5)","background-image":"","background-repeat":"repeat","background-position":"center center","background-size":"auto","background-attachment":"scroll","background-type":"","background-media":"","overlay-type":"","overlay-color":"","overlay-opacity":"","overlay-gradient":""},"tablet":{"background-color":"var(--ast-global-color-5)","background-image":"","background-repeat":"repeat","background-position":"center center","background-size":"auto","background-attachment":"scroll","background-type":"","background-media":"","overlay-type":"","overlay-color":"","overlay-opacity":"","overlay-gradient":""},"mobile":{"background-color":"var(--ast-global-color-5)","background-image":"","background-repeat":"repeat","background-position":"center center","background-size":"auto","background-attachment":"scroll","background-type":"","background-media":"","overlay-type":"","overlay-color":"","overlay-opacity":"","overlay-gradient":""}},"footnotes":""},"class_list":["post-3","page","type-page","status-publish","hentry"],"yoast_head":"<!-- This site is optimized with the Yoast SEO Premium plugin v23.9 (Yoast SEO v26.3) - https:\/\/yoast.com\/wordpress\/plugins\/seo\/ -->\n<title>Pol\u00edtica de privacidad - blockchaingratis.com<\/title>\n<meta name=\"robots\" content=\"index, follow, max-snippet:-1, max-image-preview:large, max-video-preview:-1\" \/>\n<link rel=\"canonical\" href=\"https:\/\/blockchaingratis.com\/pt\/politica-de-privacidad\/\" \/>\n<meta property=\"og:locale\" content=\"pt_PT\" \/>\n<meta property=\"og:type\" content=\"article\" \/>\n<meta property=\"og:title\" content=\"Pol\u00edtica de privacidad\" \/>\n<meta property=\"og:description\" content=\"POL\u00cdTICA DE PRIVACIDAD Y PROTECCI\u00d3N DE DATOS En cumplimiento del Reglamento (UE) 2016\/679 del Parlamento Europeo y del Consejo, de 27 de abril de 2016, relativo a la protecci\u00f3n de las personas f\u00edsicas en lo que respecta al tratamiento de datos personales, por el que se deroga la directiva 95\/46\/CE (en adelante, RGPD), de la [&hellip;]\" \/>\n<meta property=\"og:url\" content=\"https:\/\/blockchaingratis.com\/pt\/politica-de-privacidad\/\" \/>\n<meta property=\"og:site_name\" content=\"blockchaingratis.com\" \/>\n<meta property=\"article:modified_time\" content=\"2025-11-26T15:53:43+00:00\" \/>\n<meta name=\"twitter:card\" content=\"summary_large_image\" \/>\n<meta name=\"twitter:label1\" content=\"Tempo estimado de leitura\" \/>\n\t<meta name=\"twitter:data1\" content=\"7 minutos\" \/>\n<script type=\"application\/ld+json\" class=\"yoast-schema-graph\">{\"@context\":\"https:\/\/schema.org\",\"@graph\":[{\"@type\":\"WebPage\",\"@id\":\"https:\/\/blockchaingratis.com\/politica-de-privacidad\/\",\"url\":\"https:\/\/blockchaingratis.com\/politica-de-privacidad\/\",\"name\":\"Pol\u00edtica de privacidad - blockchaingratis.com\",\"isPartOf\":{\"@id\":\"https:\/\/blockchaingratis.com\/#website\"},\"datePublished\":\"2025-01-15T13:56:33+00:00\",\"dateModified\":\"2025-11-26T15:53:43+00:00\",\"breadcrumb\":{\"@id\":\"https:\/\/blockchaingratis.com\/politica-de-privacidad\/#breadcrumb\"},\"inLanguage\":\"pt-PT\",\"potentialAction\":[{\"@type\":\"ReadAction\",\"target\":[\"https:\/\/blockchaingratis.com\/politica-de-privacidad\/\"]}]},{\"@type\":\"BreadcrumbList\",\"@id\":\"https:\/\/blockchaingratis.com\/politica-de-privacidad\/#breadcrumb\",\"itemListElement\":[{\"@type\":\"ListItem\",\"position\":1,\"name\":\"Portada\",\"item\":\"https:\/\/blockchaingratis.com\/\"},{\"@type\":\"ListItem\",\"position\":2,\"name\":\"Pol\u00edtica de privacidad\"}]},{\"@type\":\"WebSite\",\"@id\":\"https:\/\/blockchaingratis.com\/#website\",\"url\":\"https:\/\/blockchaingratis.com\/\",\"name\":\"blockchaingratis.com\",\"description\":\"Producto publicitario\",\"publisher\":{\"@id\":\"https:\/\/blockchaingratis.com\/#organization\"},\"potentialAction\":[{\"@type\":\"SearchAction\",\"target\":{\"@type\":\"EntryPoint\",\"urlTemplate\":\"https:\/\/blockchaingratis.com\/?s={search_term_string}\"},\"query-input\":{\"@type\":\"PropertyValueSpecification\",\"valueRequired\":true,\"valueName\":\"search_term_string\"}}],\"inLanguage\":\"pt-PT\"},{\"@type\":\"Organization\",\"@id\":\"https:\/\/blockchaingratis.com\/#organization\",\"name\":\"blockchaingratis.com\",\"url\":\"https:\/\/blockchaingratis.com\/\",\"logo\":{\"@type\":\"ImageObject\",\"inLanguage\":\"pt-PT\",\"@id\":\"https:\/\/blockchaingratis.com\/#\/schema\/logo\/image\/\",\"url\":\"https:\/\/blockchaingratis.com\/wp-content\/uploads\/2025\/01\/marcos-1-sin-fondo.png\",\"contentUrl\":\"https:\/\/blockchaingratis.com\/wp-content\/uploads\/2025\/01\/marcos-1-sin-fondo.png\",\"width\":640,\"height\":200,\"caption\":\"blockchaingratis.com\"},\"image\":{\"@id\":\"https:\/\/blockchaingratis.com\/#\/schema\/logo\/image\/\"}}]}<\/script>\n<!-- \/ Yoast SEO Premium plugin. -->","yoast_head_json":{"title":"Pol\u00edtica de privacidad - blockchaingratis.com","robots":{"index":"index","follow":"follow","max-snippet":"max-snippet:-1","max-image-preview":"max-image-preview:large","max-video-preview":"max-video-preview:-1"},"canonical":"https:\/\/blockchaingratis.com\/pt\/politica-de-privacidad\/","og_locale":"pt_PT","og_type":"article","og_title":"Pol\u00edtica de privacidad","og_description":"POL\u00cdTICA DE PRIVACIDAD Y PROTECCI\u00d3N DE DATOS En cumplimiento del Reglamento (UE) 2016\/679 del Parlamento Europeo y del Consejo, de 27 de abril de 2016, relativo a la protecci\u00f3n de las personas f\u00edsicas en lo que respecta al tratamiento de datos personales, por el que se deroga la directiva 95\/46\/CE (en adelante, RGPD), de la [&hellip;]","og_url":"https:\/\/blockchaingratis.com\/pt\/politica-de-privacidad\/","og_site_name":"blockchaingratis.com","article_modified_time":"2025-11-26T15:53:43+00:00","twitter_card":"summary_large_image","twitter_misc":{"Tempo estimado de leitura":"7 minutos"},"schema":{"@context":"https:\/\/schema.org","@graph":[{"@type":"WebPage","@id":"https:\/\/blockchaingratis.com\/politica-de-privacidad\/","url":"https:\/\/blockchaingratis.com\/politica-de-privacidad\/","name":"Pol\u00edtica de privacidad - blockchaingratis.com","isPartOf":{"@id":"https:\/\/blockchaingratis.com\/#website"},"datePublished":"2025-01-15T13:56:33+00:00","dateModified":"2025-11-26T15:53:43+00:00","breadcrumb":{"@id":"https:\/\/blockchaingratis.com\/politica-de-privacidad\/#breadcrumb"},"inLanguage":"pt-PT","potentialAction":[{"@type":"ReadAction","target":["https:\/\/blockchaingratis.com\/politica-de-privacidad\/"]}]},{"@type":"BreadcrumbList","@id":"https:\/\/blockchaingratis.com\/politica-de-privacidad\/#breadcrumb","itemListElement":[{"@type":"ListItem","position":1,"name":"Portada","item":"https:\/\/blockchaingratis.com\/"},{"@type":"ListItem","position":2,"name":"Pol\u00edtica de privacidad"}]},{"@type":"WebSite","@id":"https:\/\/blockchaingratis.com\/#website","url":"https:\/\/blockchaingratis.com\/","name":"blockchaingratis.com","description":"Producto publicitario","publisher":{"@id":"https:\/\/blockchaingratis.com\/#organization"},"potentialAction":[{"@type":"SearchAction","target":{"@type":"EntryPoint","urlTemplate":"https:\/\/blockchaingratis.com\/?s={search_term_string}"},"query-input":{"@type":"PropertyValueSpecification","valueRequired":true,"valueName":"search_term_string"}}],"inLanguage":"pt-PT"},{"@type":"Organization","@id":"https:\/\/blockchaingratis.com\/#organization","name":"blockchaingratis.com","url":"https:\/\/blockchaingratis.com\/","logo":{"@type":"ImageObject","inLanguage":"pt-PT","@id":"https:\/\/blockchaingratis.com\/#\/schema\/logo\/image\/","url":"https:\/\/blockchaingratis.com\/wp-content\/uploads\/2025\/01\/marcos-1-sin-fondo.png","contentUrl":"https:\/\/blockchaingratis.com\/wp-content\/uploads\/2025\/01\/marcos-1-sin-fondo.png","width":640,"height":200,"caption":"blockchaingratis.com"},"image":{"@id":"https:\/\/blockchaingratis.com\/#\/schema\/logo\/image\/"}}]}},"_links":{"self":[{"href":"https:\/\/blockchaingratis.com\/pt\/wp-json\/wp\/v2\/pages\/3","targetHints":{"allow":["GET"]}}],"collection":[{"href":"https:\/\/blockchaingratis.com\/pt\/wp-json\/wp\/v2\/pages"}],"about":[{"href":"https:\/\/blockchaingratis.com\/pt\/wp-json\/wp\/v2\/types\/page"}],"author":[{"embeddable":true,"href":"https:\/\/blockchaingratis.com\/pt\/wp-json\/wp\/v2\/users\/2"}],"replies":[{"embeddable":true,"href":"https:\/\/blockchaingratis.com\/pt\/wp-json\/wp\/v2\/comments?post=3"}],"version-history":[{"count":37,"href":"https:\/\/blockchaingratis.com\/pt\/wp-json\/wp\/v2\/pages\/3\/revisions"}],"predecessor-version":[{"id":2470,"href":"https:\/\/blockchaingratis.com\/pt\/wp-json\/wp\/v2\/pages\/3\/revisions\/2470"}],"wp:attachment":[{"href":"https:\/\/blockchaingratis.com\/pt\/wp-json\/wp\/v2\/media?parent=3"}],"curies":[{"name":"wp","href":"https:\/\/api.w.org\/{rel}","templated":true}]}}